{"id":748,"date":"2023-02-01T17:51:21","date_gmt":"2023-02-01T17:51:21","guid":{"rendered":"https:\/\/islandpferdehof-hainbuche.de\/?page_id=748"},"modified":"2025-06-29T09:34:19","modified_gmt":"2025-06-29T09:34:19","slug":"erwachsene","status":"publish","type":"page","link":"https:\/\/islandpferdehof-hainbuche.de\/?page_id=748","title":{"rendered":"Erwachsene"},"content":{"rendered":"\n    \n    <section class=\"u-carousel u-slide u-block-a835-1\" id=\"carousel-40d5\" data-interval=\"5000\" data-u-ride=\"carousel\">\n      <ol class=\"u-absolute-hcenter u-carousel-indicators u-block-a835-2\">\n        <li data-u-target=\"#carousel-40d5\" class=\"u-active u-grey-30 u-shape-circle\" style=\"width: 10px; height: 10px;\" data-u-slide-to=\"0\"><\/li>\n        <li data-u-target=\"#carousel-40d5\" class=\"u-grey-30 u-shape-circle\" style=\"width: 10px; height: 10px;\" data-u-slide-to=\"1\"><\/li>\n        <li data-u-target=\"#carousel-40d5\" class=\"u-grey-30 u-shape-circle\" style=\"width: 10px; height: 10px;\" data-u-slide-to=\"2\"><\/li>\n        <li data-u-target=\"#carousel-40d5\" class=\"u-grey-30 u-shape-circle\" style=\"width: 10px; height: 10px;\" data-u-slide-to=\"3\"><\/li>\n        <li data-u-target=\"#carousel-40d5\" class=\"u-grey-30 u-shape-circle\" style=\"width: 10px; height: 10px;\" data-u-slide-to=\"4\"><\/li>\n      <\/ol>\n      <div class=\"u-carousel-inner\" role=\"listbox\">\n        <div class=\"u-active u-align-center u-carousel-item u-clearfix u-container-align-center u-image u-shading u-section-2-1\" data-image-width=\"1280\" data-image-height=\"855\" style=\"background-image: linear-gradient(0deg, rgba(0, 0, 0, 0.4), rgba(0, 0, 0, 0.4)), url(&quot;https:\/\/islandpferdehof-hainbuche.de\/wp-content\/uploads\/2025\/06\/0b2154c9f4bbfaab623466211040930c63c9f452ae200ce037e0b7a21d95c848acc5724d059c13cb57e56ae398ec2dd80b768aa34cbdcab47e5183_1280.jpg&quot;);\">\n          <div class=\"u-clearfix u-sheet u-sheet-1\">\n            <h1 class=\"u-align-center u-text u-text-default u-title u-text-1\">Reiten f\u00fcr Sp\u00e4t- und Wiedereinsteiger<\/h1>\n            <p class=\"u-align-center u-large-text u-text u-text-variant u-text-2\">individueller Unterricht ganz auf Sie, Ihre W\u00fcnsche und Bed\u00fcrfnisse zu geschnitten<br>Reiten lernen im eigenen Tempo<br>\n              <br>Artgerecht, verst\u00e4ndlich und auf Augenh\u00f6he\n            <\/p>\n          <\/div>\n        <\/div>\n        <div class=\"u-align-center u-carousel-item u-clearfix u-container-align-center u-image u-shading u-section-2-2\" data-image-width=\"2448\" data-image-height=\"3264\" style=\"background-image: linear-gradient(0deg, rgba(0, 0, 0, 0.15), rgba(0, 0, 0, 0.15)), url(&quot;https:\/\/islandpferdehof-hainbuche.de\/wp-content\/uploads\/2025\/06\/IMG_3785-scaled.jpg&quot;);\">\n          <div class=\"u-clearfix u-sheet u-valign-middle u-sheet-1\">\n            <h1 class=\"u-align-center u-text u-text-default u-title u-text-1\">Centered Riding und Sitzschulung <\/h1>\n            <p class=\"u-align-center u-large-text u-text u-text-variant u-text-2\">mit inneren Bildern zu mehr K\u00f6rpergef\u00fchl und Einf\u00fchlungsverm\u00f6gen<\/p>\n          <\/div>\n        <\/div>\n        <div class=\"u-align-center u-carousel-item u-clearfix u-image u-shading u-section-2-3\" data-image-width=\"2054\" data-image-height=\"1541\" style=\"background-image: linear-gradient(0deg, rgba(0, 0, 0, 0), rgba(0, 0, 0, 0)), url(&quot;https:\/\/islandpferdehof-hainbuche.de\/wp-content\/uploads\/2025\/06\/P1020881.jpg&quot;);\">\n          <div class=\"u-clearfix u-sheet u-sheet-1\">\n            <h1 class=\"u-align-center u-text u-title u-text-1\">Gangpferdereiten<\/h1>\n            <p class=\"u-align-center u-large-text u-text u-text-variant u-text-2\">mit Ihrem eigenem oder unseren Lehrpferden<br>die Freuden des Gangpferdereitens kennen lernen&nbsp;<br>und Pferde gesunderhaltend f\u00f6rdern\n            <\/p>\n          <\/div>\n        <\/div>\n        <div class=\"u-align-center u-carousel-item u-clearfix u-image u-shading u-section-2-4\" data-image-width=\"1280\" data-image-height=\"854\" style=\"background-image: linear-gradient(0deg, rgba(56, 109, 126, 0.3), rgba(56, 109, 126, 0.3)), url(&quot;https:\/\/islandpferdehof-hainbuche.de\/wp-content\/uploads\/2025\/06\/7fb4f4a3b99c8a6949e92225d6d2dbbc769118bb026256534a5696b9a3e59601f98486c07f71008331a82c322d8dab8e27ad2a4961f567080a3d0b_1280.jpg&quot;);\">\n          <div class=\"u-clearfix u-sheet u-sheet-1\">\n            <h1 class=\"u-align-center u-text u-text-body-alt-color u-title u-text-1\">Unterricht im Gel\u00e4nde<\/h1>\n            <p class=\"u-align-center u-large-text u-text u-text-variant u-text-2\">Alleine oder in der Gruppe<br>mit deinem eigenem oder einem unserer ausgeglichenen Lehrpferde<br>\n              <br>sicher und entspannt drau\u00dfen unterwegs\n            <\/p>\n          <\/div>\n        <\/div>\n        <div class=\"u-align-center u-carousel-item u-clearfix u-image u-shading u-section-2-5\" data-image-width=\"2592\" data-image-height=\"3456\" style=\"background-image: linear-gradient(0deg, rgba(0, 0, 0, 0.1), rgba(0, 0, 0, 0.1)), url(&quot;https:\/\/islandpferdehof-hainbuche.de\/wp-content\/uploads\/2025\/06\/P1020462-scaled.jpg&quot;);\">\n          <div class=\"u-clearfix u-sheet u-sheet-1\">\n            <h1 class=\"u-align-center u-text u-text-default u-title u-text-1\">Bodenarbeit<\/h1>\n            <p class=\"u-align-center u-large-text u-text u-text-variant u-text-2\">von klassischer Handarbeit, \u00fcber Langz\u00fcgel,&nbsp;<br>Longen- und Doppellongenarbeit bis zur Freiarbeit<br>alles im Sinne der Gesunderhaltung des Pferdes<br>\n            <\/p>\n          <\/div>\n        <\/div>\n      <\/div>\n      <a class=\"u-absolute-vcenter u-carousel-control u-carousel-control-prev u-text-grey-30 u-block-a835-3\" href=\"#carousel-40d5\" role=\"button\" data-u-slide=\"prev\">\n        <span aria-hidden=\"true\">\n          <svg class=\"u-svg-link\" viewBox=\"0 0 477.175 477.175\"><path d=\"M145.188,238.575l215.5-215.5c5.3-5.3,5.3-13.8,0-19.1s-13.8-5.3-19.1,0l-225.1,225.1c-5.3,5.3-5.3,13.8,0,19.1l225.1,225\n                    c2.6,2.6,6.1,4,9.5,4s6.9-1.3,9.5-4c5.3-5.3,5.3-13.8,0-19.1L145.188,238.575z\"><\/path><\/svg>\n        <\/span>\n        <span class=\"sr-only\">Previous<\/span>\n      <\/a>\n      <a class=\"u-absolute-vcenter u-carousel-control u-carousel-control-next u-text-grey-30 u-block-a835-4\" href=\"#carousel-40d5\" role=\"button\" data-u-slide=\"next\">\n        <span aria-hidden=\"true\">\n          <svg class=\"u-svg-link\" viewBox=\"0 0 477.175 477.175\"><path d=\"M360.731,229.075l-225.1-225.1c-5.3-5.3-13.8-5.3-19.1,0s-5.3,13.8,0,19.1l215.5,215.5l-215.5,215.5\n                    c-5.3,5.3-5.3,13.8,0,19.1c2.6,2.6,6.1,4,9.5,4c3.4,0,6.9-1.3,9.5-4l225.1-225.1C365.931,242.875,365.931,234.275,360.731,229.075z\"><\/path><\/svg>\n        <\/span>\n        <span class=\"sr-only\">Weiter<\/span>\n      <\/a>\n    <\/section>\n    <section class=\"u-align-center u-clearfix u-container-align-center u-gradient u-section-3\" id=\"sec-e0d8\">\n      <div class=\"u-clearfix u-sheet u-sheet-1\">\n        <h2 class=\"u-align-center u-text u-text-default u-text-1\">Dein Weg zu uns<\/h2>\n        <p class=\"u-align-center u-text u-text-2\"> Bereit f\u00fcr dein Pferdeabenteuer? Sichere dir jetzt deine erste Reitstunde und starte in eine spannende und vertrauensvolle Reiterfahrung!<\/p>\n        <a href=\"https:\/\/islandpferdehof-hainbuche.reitbuch.com\/ticket.php?t=1\" class=\"u-border-none u-btn u-button-style u-hover-palette-2-base u-palette-5-dark-1 u-btn-1\" target=\"_blank\">zur Buchung<\/a>\n      <\/div>\n    <\/section>\n    <section class=\"u-clearfix u-palette-4-light-2 u-section-4\" id=\"sec-7a02\">\n      <div class=\"u-clearfix u-sheet u-valign-middle-xs u-sheet-1\">\n        <div class=\"u-expanded-width u-layout-horizontal u-list u-list-1\">\n          <div class=\"u-repeater u-repeater-1\">\n            <div class=\"u-border-2 u-border-grey-75 u-border-no-left u-border-no-right u-container-style u-list-item u-repeater-item u-shape-rectangle u-list-item-1\">\n              <div class=\"u-container-layout u-similar-container u-container-layout-1\">\n                <img alt=\"\" class=\"custom-expanded u-image u-image-round u-radius u-image-1\" data-image-width=\"1280\" data-image-height=\"785\" src=\"https:\/\/islandpferdehof-hainbuche.de\/wp-content\/uploads\/2025\/06\/d1d3d8ef1114c0c35b2a22f22ac9e24fedd6e15501690697215de9de4676712bc09adf0486eb1a790fea60793552108e267a76d124fa4a00d64ab4_1280.jpg\">\n                <h4 class=\"u-align-left u-text u-text-default u-text-palette-5-dark-1 u-text-1\">Einsteiger Intensiv<\/h4>\n                <p class=\"u-align-left u-text u-text-2\">Deine 1:1 Betreuung \u00fcber 90 min <br>Ich begleite dich vom holen des Pferdes bis zum zur\u00fcck bringen.<br>F\u00fcr Einsteiger und Wiedereinsteiger,<br>aber auch f\u00fcr jeden Fortgeschrittenen der zum ersten Mal bei uns ist.<br>\n                  <br>Ich bin die ganze Zeit an deiner Seite, um dir Sicherheit und Vertrauen zu geben und sofort auf alle Fragen eingehen zu k\u00f6nnen.&nbsp;<br>\n                  <br>\n                <\/p>\n                <p class=\"u-align-left u-text u-text-palette-5-dark-1 u-text-3\">\n                  <br>\n                  <br>90 min Intensiv<br>\n                <\/p>\n                <a href=\"#\" class=\"u-border-none u-btn u-button-style u-hover-palette-2-base u-palette-5-light-1 u-btn-1\">75,-\u20ac<\/a>\n                <p class=\"u-align-left u-custom-item u-text u-text-4\">inkl. 14,25\u20ac MwSt.<\/p>\n                <a href=\"https:\/\/islandpferdehof-hainbuche.reitbuch.com\/ticket.php?t=1\" class=\"u-btn u-button-style u-hover-palette-2-base u-palette-5-dark-1 u-btn-2\" target=\"_blank\">zur Buchung<\/a>\n              <\/div>\n            <\/div>\n            <div class=\"u-border-2 u-border-grey-75 u-border-no-left u-border-no-right u-container-style u-list-item u-repeater-item u-shape-rectangle u-list-item-2\">\n              <div class=\"u-container-layout u-similar-container u-container-layout-2\">\n                <img alt=\"\" class=\"custom-expanded u-image u-image-round u-radius u-image-2\" data-image-width=\"2448\" data-image-height=\"3264\" src=\"https:\/\/islandpferdehof-hainbuche.de\/wp-content\/uploads\/2025\/06\/IMG_3785-scaled.jpg\">\n                <h4 class=\"u-align-left u-text u-text-default u-text-palette-5-dark-1 u-text-5\">60 min Intensiv <\/h4>\n                <p class=\"u-align-left u-text u-text-6\">Du hattest mindestens eine Einsteiger Intensiv Stunde bei und und kannst bereits alleine dein Pferd putzen, ben\u00f6tigst aber noch Hilfe beim Satteln und Trensen? Dann ist die \"60 min Intensiv - Stunde\" das Richtige f\u00fcr Dich.<br>\n                  <br>\"60 min Intensiv\" ist aber auch ideal f\u00fcr Sitzschulung und Centered Riding Unterricht geeignet. <br>\n                  <br>\n                <\/p>\n                <p class=\"u-align-left u-text u-text-palette-5-dark-1 u-text-7\">60 min Unterricht zzgl. selbstst\u00e4ndiger Vor- und Nachbereitung<\/p>\n                <a href=\"#\" class=\"u-border-none u-btn u-button-style u-hover-palette-2-base u-palette-5-light-1 u-btn-3\">60,-\u20ac<\/a>\n                <p class=\"u-align-left u-custom-item u-text u-text-8\">inkl. 11,40\u20ac MwSt.<\/p>\n                <a href=\"https:\/\/islandpferdehof-hainbuche.reitbuch.com\/event.php\" class=\"u-btn u-button-style u-hover-palette-2-base u-palette-5-dark-1 u-btn-4\" target=\"_blank\">zur Buchung<\/a>\n              <\/div>\n            <\/div>\n            <div class=\"u-border-2 u-border-grey-75 u-border-no-left u-border-no-right u-container-style u-list-item u-repeater-item u-shape-rectangle u-list-item-3\">\n              <div class=\"u-container-layout u-similar-container u-container-layout-3\">\n                <img alt=\"\" class=\"custom-expanded u-image u-image-round u-radius u-image-3\" data-image-width=\"2054\" data-image-height=\"1541\" src=\"https:\/\/islandpferdehof-hainbuche.de\/wp-content\/uploads\/2025\/06\/P1020881.jpg\">\n                <h4 class=\"u-align-left u-text u-text-default u-text-palette-5-dark-1 u-text-9\">45 min Einzelunterricht <\/h4>\n                <p class=\"u-align-left u-text u-text-10\">Du kennst dich bei uns am Hof aus, kennst die Herde und die aktuelle Rangordnung und kannst bereits dein Pferd selbstst\u00e4ndig vorbereiten und versorgen?<br>Du w\u00fcnschst dir individuellen Unterricht ganz auf dich und deine W\u00fcnsche zugeschnitten?<br>Dann ist diese Einheit das Richtige f\u00fcr Dich.<br>\n                  <br>\n                <\/p>\n                <p class=\"u-align-left u-text u-text-palette-5-dark-1 u-text-11\"> 45 min Unterricht zzgl. selbstst\u00e4ndiger Vor- und Nachbereitung<\/p>\n                <a href=\"#\" class=\"u-border-none u-btn u-button-style u-hover-palette-2-base u-palette-5-light-1 u-btn-5\">45,-\u20ac<\/a>\n                <p class=\"u-align-left u-custom-item u-text u-text-12\">inkl. 8,55\u20ac MwSt.<\/p>\n                <a href=\"https:\/\/islandpferdehof-hainbuche.reitbuch.com\/event.php\" class=\"u-btn u-button-style u-hover-palette-2-base u-palette-5-dark-1 u-btn-6\" target=\"_blank\">zur Buchung<\/a>\n              <\/div>\n            <\/div>\n          <\/div>\n          <a class=\"u-absolute-vcenter u-gallery-nav u-gallery-nav-prev u-grey-70 u-icon-circle u-opacity u-opacity-70 u-spacing-10 u-text-white u-gallery-nav-1\" href=\"#\" role=\"button\">\n            <span aria-hidden=\"true\">\n              <svg viewBox=\"0 0 451.847 451.847\"><path d=\"M97.141,225.92c0-8.095,3.091-16.192,9.259-22.366L300.689,9.27c12.359-12.359,32.397-12.359,44.751,0\nc12.354,12.354,12.354,32.388,0,44.748L173.525,225.92l171.903,171.909c12.354,12.354,12.354,32.391,0,44.744\nc-12.354,12.365-32.386,12.365-44.745,0l-194.29-194.281C100.226,242.115,97.141,234.018,97.141,225.92z\"><\/path><\/svg>\n            <\/span>\n            <span class=\"sr-only\">\n              <svg viewBox=\"0 0 451.847 451.847\"><path d=\"M97.141,225.92c0-8.095,3.091-16.192,9.259-22.366L300.689,9.27c12.359-12.359,32.397-12.359,44.751,0\nc12.354,12.354,12.354,32.388,0,44.748L173.525,225.92l171.903,171.909c12.354,12.354,12.354,32.391,0,44.744\nc-12.354,12.365-32.386,12.365-44.745,0l-194.29-194.281C100.226,242.115,97.141,234.018,97.141,225.92z\"><\/path><\/svg>\n            <\/span>\n          <\/a>\n          <a class=\"u-absolute-vcenter u-gallery-nav u-gallery-nav-next u-grey-70 u-icon-circle u-opacity u-opacity-70 u-spacing-10 u-text-white u-gallery-nav-2\" href=\"#\" role=\"button\">\n            <span aria-hidden=\"true\">\n              <svg viewBox=\"0 0 451.846 451.847\"><path d=\"M345.441,248.292L151.154,442.573c-12.359,12.365-32.397,12.365-44.75,0c-12.354-12.354-12.354-32.391,0-44.744\nL278.318,225.92L106.409,54.017c-12.354-12.359-12.354-32.394,0-44.748c12.354-12.359,32.391-12.359,44.75,0l194.287,194.284\nc6.177,6.18,9.262,14.271,9.262,22.366C354.708,234.018,351.617,242.115,345.441,248.292z\"><\/path><\/svg>\n            <\/span>\n            <span class=\"sr-only\">\n              <svg viewBox=\"0 0 451.846 451.847\"><path d=\"M345.441,248.292L151.154,442.573c-12.359,12.365-32.397,12.365-44.75,0c-12.354-12.354-12.354-32.391,0-44.744\nL278.318,225.92L106.409,54.017c-12.354-12.359-12.354-32.394,0-44.748c12.354-12.359,32.391-12.359,44.75,0l194.287,194.284\nc6.177,6.18,9.262,14.271,9.262,22.366C354.708,234.018,351.617,242.115,345.441,248.292z\"><\/path><\/svg>\n            <\/span>\n          <\/a>\n        <\/div>\n      <\/div>\n    <\/section>\n    <section class=\"u-align-center u-clearfix u-container-align-center-lg u-container-align-center-xl u-gradient u-section-5\" id=\"sec-6da8\">\n      <div class=\"u-clearfix u-sheet u-sheet-1\">\n        <h2 class=\"u-align-center u-text u-text-default u-text-1\">und wie geht\u00b4s weiter? <\/h2>\n        <p class=\"u-align-center u-text u-text-2\">Weitere Unterrichtsangebote stehen unseren angemeldeten Reitern jederzeit zur Verf\u00fcgung:<\/p>\n        <ul class=\"u-align-center u-text u-text-3\">\n          <li>Unterricht in der Gruppe<\/li>\n          <li>Unterricht im Gel\u00e4nde<\/li>\n          <li>gef\u00fchrte Halb- und Tagesritte<\/li>\n          <li>und Vieles mehr...<\/li>\n        <\/ul>\n      <\/div>\n    <\/section>\n    \n    \n    \n    \n  \n","protected":false},"excerpt":{"rendered":"<p>Reiten f\u00fcr Sp\u00e4t- und Wiedereinsteiger individueller Unterricht ganz auf Sie, Ihre W\u00fcnsche und Bed\u00fcrfnisse zu geschnittenReiten lernen im eigenen Tempo Artgerecht, verst\u00e4ndlich und auf Augenh\u00f6he Centered Riding und Sitzschulung mit inneren Bildern zu mehr K\u00f6rpergef\u00fchl und Einf\u00fchlungsverm\u00f6gen Gangpferdereiten mit Ihrem eigenem oder unseren Lehrpferdendie Freuden des Gangpferdereitens kennen lernen&nbsp;und Pferde gesunderhaltend f\u00f6rdern Unterricht im Gel\u00e4nde &hellip; <a href=\"https:\/\/islandpferdehof-hainbuche.de\/?page_id=748\" class=\"more-link\">Continue reading<span class=\"screen-reader-text\"> &#8222;Erwachsene&#8220;<\/span><\/a><\/p>\n","protected":false},"author":1,"featured_media":0,"parent":0,"menu_order":18,"comment_status":"closed","ping_status":"closed","template":"","meta":[],"_links":{"self":[{"href":"https:\/\/islandpferdehof-hainbuche.de\/index.php?rest_route=\/wp\/v2\/pages\/748"}],"collection":[{"href":"https:\/\/islandpferdehof-hainbuche.de\/index.php?rest_route=\/wp\/v2\/pages"}],"about":[{"href":"https:\/\/islandpferdehof-hainbuche.de\/index.php?rest_route=\/wp\/v2\/types\/page"}],"author":[{"embeddable":true,"href":"https:\/\/islandpferdehof-hainbuche.de\/index.php?rest_route=\/wp\/v2\/users\/1"}],"replies":[{"embeddable":true,"href":"https:\/\/islandpferdehof-hainbuche.de\/index.php?rest_route=%2Fwp%2Fv2%2Fcomments&post=748"}],"version-history":[{"count":20,"href":"https:\/\/islandpferdehof-hainbuche.de\/index.php?rest_route=\/wp\/v2\/pages\/748\/revisions"}],"predecessor-version":[{"id":1401,"href":"https:\/\/islandpferdehof-hainbuche.de\/index.php?rest_route=\/wp\/v2\/pages\/748\/revisions\/1401"}],"wp:attachment":[{"href":"https:\/\/islandpferdehof-hainbuche.de\/index.php?rest_route=%2Fwp%2Fv2%2Fmedia&parent=748"}],"curies":[{"name":"wp","href":"https:\/\/api.w.org\/{rel}","templated":true}]}}