{"id":737,"date":"2023-02-01T17:51:10","date_gmt":"2023-02-01T17:51:10","guid":{"rendered":"https:\/\/islandpferdehof-hainbuche.de\/?page_id=737"},"modified":"2025-06-28T21:40:55","modified_gmt":"2025-06-28T21:40:55","slug":"reitsportladen","status":"publish","type":"page","link":"https:\/\/islandpferdehof-hainbuche.de\/?page_id=737","title":{"rendered":"Reitsportladen"},"content":{"rendered":"\n    \n    <section class=\"u-align-center u-clearfix u-container-align-center u-shading u-section-2\" id=\"carousel_42d7\">\n      <div class=\"u-clearfix u-sheet u-valign-middle-lg u-valign-middle-xl u-sheet-1\">\n        <div class=\"u-align-left u-container-align-left u-container-style u-expanded-width u-group u-group-1\" data-animation-name=\"customAnimationIn\" data-animation-duration=\"1000\">\n          <div class=\"u-container-layout u-container-layout-1\">\n            <h1 class=\"u-text u-text-default-lg u-text-default-md u-text-default-sm u-text-default-xl u-text-white u-title u-text-1\">Unser Reitsportladen<\/h1>\n            <div class=\"u-clearfix u-custom-html u-expanded-width u-custom-html-1\">\n              <p>In unserem Reitsportladen f\u00fchren wir nur erprobte und bew\u00e4hrte Artikel in erstklassiger Qualit\u00e4t von namhaften Herstellern, wie z. B. <a href=\"https:\/\/casco-helme.de\">Casco Reitsport | Casco Helme<\/a>, <a href=\"https:\/\/www.fleck-co.de\">FLECK Reit- und Fahrpeitschen<\/a>, <a href=\"http:\/\/www.sommer-sattel.de\">Sommer<\/a>, Iceline, Kiefer, USG, Maddox,... Bei uns finden Sie Reitbekleidung, Regenausr\u00fcstung, Sicherheitsausr\u00fcstung sowie diverses Zubeh\u00f6r rund um das Pferd, wie z.B.: Pflegeartikel, Putzzeug, Glocken, Boots, Z\u00fcgel, Halfter, Trensen und vieles mehr. Au\u00dferdem f\u00fchren wir <a href=\"http:\/\/www.sommer-sattel.de\">Sommer Sattel<\/a>, gerne vermessen wir auch Sie und Ihr Pferd und helfen Ihnen zu Ihrem Wunschsattel. Schauen Sie doch einfach mal vorbei, wir beraten Sie gerne. Die \u00d6ffnungszeiten sind nach Absprache. Gerne k\u00f6nnen Sie telefonisch, per Mail oder per WhatsApp einen Termin mit uns vereinbaren. \n              <\/p>\n            <\/div>\n            <a href=\"https:\/\/islandpferdehof-hainbuche.de\/?page_id=737#carousel_9712\" class=\"scrollbutton-a u-active-white u-border-none u-btn u-button-style u-hover-palette-2-base u-radius-20 u-text-active-palette-2-base u-text-hover-white u-text-palette-2-base u-white u-btn-1\" target=\"_blank\">Zum Laden<br>\n            <\/a>\n          <\/div>\n        <\/div>\n      <\/div>\n    <\/section>\n    <section class=\"u-align-center u-clearfix u-container-align-center u-white u-section-3\" id=\"carousel_9712\">\n      <div class=\"u-expanded-width u-palette-5-dark-1 u-shape u-shape-rectangle u-shape-1\"><\/div>\n      <div class=\"u-align-center-lg u-align-center-md u-align-center-sm u-align-center-xl u-align-left-xs u-container-style u-group u-shape-rectangle u-group-1\" data-animation-name=\"customAnimationIn\" data-animation-duration=\"1000\" data-animation-delay=\"500\">\n        <div class=\"u-container-layout u-container-layout-1\">\n          <div class=\"u-expanded-width-lg u-expanded-width-md u-expanded-width-xl u-expanded-width-xs u-gallery u-layout-grid u-lightbox u-show-text-on-hover u-gallery-1\" id=\"carousel-1a28\">\n            <div class=\"u-gallery-inner u-gallery-inner-1\" role=\"listbox\">\n              <div class=\"u-effect-slide-bottom u-gallery-item u-shape-rectangle u-gallery-item-1\" data-href=\"https:\/\/www.fleck-co.de\" data-target=\"_blank\">\n                <div class=\"u-back-slide\" data-image-width=\"2000\" data-image-height=\"600\">\n                  <img class=\"u-back-image u-expanded u-back-image-1\" src=\"https:\/\/islandpferdehof-hainbuche.de\/wp-content\/uploads\/2023\/02\/FeckGerten.jpg\" alt=\"Feck Gerten\">\n                <\/div>\n                <div class=\"u-align-center u-over-slide u-shading u-valign-top u-over-slide-1\">\n                  <h3 class=\"u-gallery-heading\" style=\"font-size: 1.875rem; line-height: 1;\">Feck Gerten<\/h3>\n                <\/div>\n              <\/div>\n              <div class=\"u-effect-slide-bottom u-gallery-item u-shape-rectangle u-gallery-item-2\">\n                <div class=\"u-back-slide\" data-image-width=\"400\" data-image-height=\"400\">\n                  <img class=\"u-back-image u-expanded u-back-image-2\" src=\"https:\/\/islandpferdehof-hainbuche.de\/wp-content\/uploads\/2023\/02\/Reflektorartikel.jpg\" alt=\"Reflektorartikel\">\n                <\/div>\n                <div class=\"u-align-center u-over-slide u-shading u-valign-top u-over-slide-2\">\n                  <h3 class=\"u-gallery-heading\" style=\"font-size: 1.875rem; line-height: 1;\">Reflektorartikel<\/h3>\n                <\/div>\n              <\/div>\n              <div class=\"u-effect-slide-bottom u-gallery-item u-shape-rectangle u-gallery-item-3\">\n                <div class=\"u-back-slide\" data-image-width=\"400\" data-image-height=\"400\">\n                  <img class=\"u-back-image u-expanded u-back-image-3\" src=\"https:\/\/islandpferdehof-hainbuche.de\/wp-content\/uploads\/2023\/02\/Sicherheitswesten.jpg\" alt=\"Sicherheitswesten\">\n                <\/div>\n                <div class=\"u-align-center u-over-slide u-shading u-valign-top u-over-slide-3\">\n                  <h3 class=\"u-gallery-heading\" style=\"font-size: 1.875rem; line-height: 1;\">Sicherheitswesten<\/h3>\n                <\/div>\n              <\/div>\n              <div class=\"u-effect-slide-bottom u-gallery-item u-shape-rectangle u-gallery-item-4\" data-href=\"http:\/\/www.sommer-sattel.de\" data-target=\"_blank\">\n                <div class=\"u-back-slide\" data-image-width=\"980\" data-image-height=\"980\">\n                  <img class=\"u-back-image u-expanded u-back-image-4\" src=\"https:\/\/islandpferdehof-hainbuche.de\/wp-content\/uploads\/2023\/02\/SommerSttel.jpg\" alt=\"Sommer Sattel\">\n                <\/div>\n                <div class=\"u-align-center u-over-slide u-shading u-valign-top u-over-slide-4\">\n                  <h3 class=\"u-gallery-heading\" style=\"font-size: 1.875rem; line-height: 1;\">Sommer Sattel<\/h3>\n                <\/div>\n              <\/div>\n            <\/div>\n          <\/div>\n          <h1 class=\"u-text u-text-default-lg u-text-default-md u-text-default-sm u-text-default-xl u-text-white u-title u-text-1\">Das Sortiment<\/h1>\n        <\/div>\n      <\/div>\n    <\/section>\n    \n    \n    \n    \n  \n","protected":false},"excerpt":{"rendered":"<p>Unser Reitsportladen In unserem Reitsportladen f\u00fchren wir nur erprobte und bew\u00e4hrte Artikel in erstklassiger Qualit\u00e4t von namhaften Herstellern, wie z. B. Casco Reitsport | Casco Helme, FLECK Reit- und Fahrpeitschen, Sommer, Iceline, Kiefer, USG, Maddox,&#8230; Bei uns finden Sie Reitbekleidung, Regenausr\u00fcstung, Sicherheitsausr\u00fcstung sowie diverses Zubeh\u00f6r rund um das Pferd, wie z.B.: Pflegeartikel, Putzzeug, Glocken, Boots, &hellip; <a href=\"https:\/\/islandpferdehof-hainbuche.de\/?page_id=737\" class=\"more-link\">Continue reading<span class=\"screen-reader-text\"> &#8222;Reitsportladen&#8220;<\/span><\/a><\/p>\n","protected":false},"author":1,"featured_media":0,"parent":0,"menu_order":7,"comment_status":"closed","ping_status":"closed","template":"","meta":[],"_links":{"self":[{"href":"https:\/\/islandpferdehof-hainbuche.de\/index.php?rest_route=\/wp\/v2\/pages\/737"}],"collection":[{"href":"https:\/\/islandpferdehof-hainbuche.de\/index.php?rest_route=\/wp\/v2\/pages"}],"about":[{"href":"https:\/\/islandpferdehof-hainbuche.de\/index.php?rest_route=\/wp\/v2\/types\/page"}],"author":[{"embeddable":true,"href":"https:\/\/islandpferdehof-hainbuche.de\/index.php?rest_route=\/wp\/v2\/users\/1"}],"replies":[{"embeddable":true,"href":"https:\/\/islandpferdehof-hainbuche.de\/index.php?rest_route=%2Fwp%2Fv2%2Fcomments&post=737"}],"version-history":[{"count":2,"href":"https:\/\/islandpferdehof-hainbuche.de\/index.php?rest_route=\/wp\/v2\/pages\/737\/revisions"}],"predecessor-version":[{"id":1431,"href":"https:\/\/islandpferdehof-hainbuche.de\/index.php?rest_route=\/wp\/v2\/pages\/737\/revisions\/1431"}],"wp:attachment":[{"href":"https:\/\/islandpferdehof-hainbuche.de\/index.php?rest_route=%2Fwp%2Fv2%2Fmedia&parent=737"}],"curies":[{"name":"wp","href":"https:\/\/api.w.org\/{rel}","templated":true}]}}